{"id":135,"date":"2024-12-23T10:47:47","date_gmt":"2024-12-23T10:47:47","guid":{"rendered":"https:\/\/wheels4u.rs\/?page_id=135"},"modified":"2025-02-04T11:02:32","modified_gmt":"2025-02-04T11:02:32","slug":"car-transfer","status":"publish","type":"page","link":"https:\/\/wheels4u.rs\/sr\/car-transfer\/","title":{"rendered":"Autoprevoz"},"content":{"rendered":"<div data-elementor-type=\"wp-page\" data-elementor-id=\"135\" class=\"elementor elementor-135\" data-elementor-post-type=\"page\">\n\t\t\t\t<div class=\"elementor-element elementor-element-6959126 e-flex e-con-boxed e-con e-parent\" data-id=\"6959126\" data-element_type=\"container\" data-settings=\"{&quot;background_background&quot;:&quot;classic&quot;}\">\n\t\t\t\t\t<div class=\"e-con-inner\">\n\t\t\t\t<div class=\"elementor-element elementor-element-ce4932a elementor-widget elementor-widget-heading\" data-id=\"ce4932a\" data-element_type=\"widget\" data-widget_type=\"heading.default\">\n\t\t\t\t<div class=\"elementor-widget-container\">\n\t\t\t<h1 class=\"elementor-heading-title elementor-size-default\">Autoprevoz<\/h1>\t\t<\/div>\n\t\t\t\t<\/div>\n\t\t\t\t<div class=\"elementor-element elementor-element-26bd813 elementor-widget elementor-widget-button\" data-id=\"26bd813\" data-element_type=\"widget\" data-widget_type=\"button.default\">\n\t\t\t\t<div class=\"elementor-widget-container\">\n\t\t\t\t\t<div class=\"elementor-button-wrapper\">\n\t\t\t<a class=\"elementor-button elementor-button-link elementor-size-sm\" href=\"#123\">\n\t\t\t\t\t\t<span class=\"elementor-button-content-wrapper\">\n\t\t\t\t\t\t\t\t\t<span class=\"elementor-button-text\">Kontaktirajte nas<\/span>\n\t\t\t\t\t<\/span>\n\t\t\t\t\t<\/a>\n\t\t<\/div>\n\t\t\t\t<\/div>\n\t\t\t\t<\/div>\n\t\t\t\t\t<\/div>\n\t\t\t\t<\/div>\n\t\t<div class=\"elementor-element elementor-element-e4e6a4b e-flex e-con-boxed e-con e-parent\" data-id=\"e4e6a4b\" data-element_type=\"container\" id=\"123\">\n\t\t\t\t\t<div class=\"e-con-inner\">\n\t\t<div class=\"elementor-element elementor-element-5a1c1c4 e-con-full e-flex e-con e-child\" data-id=\"5a1c1c4\" data-element_type=\"container\">\n\t\t\t\t<div class=\"elementor-element elementor-element-055b16d elementor-widget elementor-widget-heading\" data-id=\"055b16d\" data-element_type=\"widget\" data-widget_type=\"heading.default\">\n\t\t\t\t<div class=\"elementor-widget-container\">\n\t\t\t<h2 class=\"elementor-heading-title elementor-size-default\">Od A do B<\/h2>\t\t<\/div>\n\t\t\t\t<\/div>\n\t\t\t\t<div class=\"elementor-element elementor-element-922cb6a elementor-widget elementor-widget-text-editor\" data-id=\"922cb6a\" data-element_type=\"widget\" data-widget_type=\"text-editor.default\">\n\t\t\t\t<div class=\"elementor-widget-container\">\n\t\t\t\t\t\t\t<p>Na\u0161a autoprevoz usluga nudi prakti\u010dan i pouzdan na\u010din da se brzo i lako pre\u0111ete sa ta\u010dke A na ta\u010dku B. Bilo da idete na aerodrom, u hotel ili na specijalni doga\u0111aj, obezbe\u0111ujemo glatko i udobno putovanje sa na\u0161im dobro odr\u017eavanim vozilima i profesionalnim voza\u010dima.<\/p>\t\t\t\t\t\t<\/div>\n\t\t\t\t<\/div>\n\t\t\t\t<div class=\"elementor-element elementor-element-acb1105 elementor-widget elementor-widget-heading\" data-id=\"acb1105\" data-element_type=\"widget\" data-widget_type=\"heading.default\">\n\t\t\t\t<div class=\"elementor-widget-container\">\n\t\t\t<h3 class=\"elementor-heading-title elementor-size-default\">Kontaktirajte nas!<\/h3>\t\t<\/div>\n\t\t\t\t<\/div>\n\t\t\t\t<div class=\"elementor-element elementor-element-5ee5270 elementor-icon-list--layout-traditional elementor-list-item-link-full_width elementor-widget elementor-widget-icon-list\" data-id=\"5ee5270\" data-element_type=\"widget\" data-widget_type=\"icon-list.default\">\n\t\t\t\t<div class=\"elementor-widget-container\">\n\t\t\t\t\t<ul class=\"elementor-icon-list-items\">\n\t\t\t\t\t\t\t<li class=\"elementor-icon-list-item\">\n\t\t\t\t\t\t\t\t\t\t\t<a href=\"tel:  381603441103\">\n\n\t\t\t\t\t\t\t\t\t\t\t\t<span class=\"elementor-icon-list-icon\">\n\t\t\t\t\t\t\t<svg aria-hidden=\"true\" class=\"e-font-icon-svg e-fas-phone\" viewbox=\"0 0 512 512\" xmlns=\"http:\/\/www.w3.org\/2000\/svg\"><path d=\"M493.4 24.6l-104-24c-11.3-2.6-22.9 3.3-27.5 13.9l-48 112c-4.2 9.8-1.4 21.3 6.9 28l60.6 49.6c-36 76.7-98.9 140.5-177.2 177.2l-49.6-60.6c-6.8-8.3-18.2-11.1-28-6.9l-112 48C3.9 366.5-2 378.1.6 389.4l24 104C27.1 504.2 36.7 512 48 512c256.1 0 464-207.5 464-464 0-11.2-7.7-20.9-18.6-23.4z\"><\/path><\/svg>\t\t\t\t\t\t<\/span>\n\t\t\t\t\t\t\t\t\t\t<span class=\"elementor-icon-list-text\">+381603441103<\/span>\n\t\t\t\t\t\t\t\t\t\t\t<\/a>\n\t\t\t\t\t\t\t\t\t<\/li>\n\t\t\t\t\t\t\t\t<li class=\"elementor-icon-list-item\">\n\t\t\t\t\t\t\t\t\t\t\t<a href=\"mailto:Transfer@wheels4u.rs\">\n\n\t\t\t\t\t\t\t\t\t\t\t\t<span class=\"elementor-icon-list-icon\">\n\t\t\t\t\t\t\t<svg aria-hidden=\"true\" class=\"e-font-icon-svg e-far-envelope\" viewbox=\"0 0 512 512\" xmlns=\"http:\/\/www.w3.org\/2000\/svg\"><path d=\"M464 64H48C21.49 64 0 85.49 0 112v288c0 26.51 21.49 48 48 48h416c26.51 0 48-21.49 48-48V112c0-26.51-21.49-48-48-48zm0 48v40.805c-22.422 18.259-58.168 46.651-134.587 106.49-16.841 13.247-50.201 45.072-73.413 44.701-23.208.375-56.579-31.459-73.413-44.701C106.18 199.465 70.425 171.067 48 152.805V112h416zM48 400V214.398c22.914 18.251 55.409 43.862 104.938 82.646 21.857 17.205 60.134 55.186 103.062 54.955 42.717.231 80.509-37.199 103.053-54.947 49.528-38.783 82.032-64.401 104.947-82.653V400H48z\"><\/path><\/svg>\t\t\t\t\t\t<\/span>\n\t\t\t\t\t\t\t\t\t\t<span class=\"elementor-icon-list-text\"><\/b>Transfer@wheels4u.rs<\/span>\n\t\t\t\t\t\t\t\t\t\t\t<\/a>\n\t\t\t\t\t\t\t\t\t<\/li>\n\t\t\t\t\t\t<\/ul>\n\t\t\t\t<\/div>\n\t\t\t\t<\/div>\n\t\t\t\t<\/div>\n\t\t<div class=\"elementor-element elementor-element-573d95d e-con-full e-flex e-con e-child\" data-id=\"573d95d\" data-element_type=\"container\">\n\t\t\t\t<div class=\"elementor-element elementor-element-cfdfba7 elementor-pagination-type-bullets elementor-arrows-position-inside elementor-pagination-position-outside elementor-widget elementor-widget-n-carousel\" data-id=\"cfdfba7\" data-element_type=\"widget\" data-settings=\"{&quot;carousel_items&quot;:[{&quot;slide_title&quot;:&quot;Slide #1&quot;,&quot;_id&quot;:&quot;ebe6342&quot;},{&quot;slide_title&quot;:&quot;Slide #2&quot;,&quot;_id&quot;:&quot;12e06b9&quot;}],&quot;slides_to_show&quot;:&quot;1&quot;,&quot;slides_to_scroll&quot;:&quot;1&quot;,&quot;slides_to_show_tablet&quot;:&quot;2&quot;,&quot;slides_to_show_mobile&quot;:&quot;1&quot;,&quot;autoplay&quot;:&quot;yes&quot;,&quot;autoplay_speed&quot;:5000,&quot;pause_on_hover&quot;:&quot;yes&quot;,&quot;pause_on_interaction&quot;:&quot;yes&quot;,&quot;infinite&quot;:&quot;yes&quot;,&quot;speed&quot;:500,&quot;offset_sides&quot;:&quot;none&quot;,&quot;arrows&quot;:&quot;yes&quot;,&quot;pagination&quot;:&quot;bullets&quot;,&quot;image_spacing_custom&quot;:{&quot;unit&quot;:&quot;px&quot;,&quot;size&quot;:10,&quot;sizes&quot;:[]},&quot;image_spacing_custom_tablet&quot;:{&quot;unit&quot;:&quot;px&quot;,&quot;size&quot;:&quot;&quot;,&quot;sizes&quot;:[]},&quot;image_spacing_custom_mobile&quot;:{&quot;unit&quot;:&quot;px&quot;,&quot;size&quot;:&quot;&quot;,&quot;sizes&quot;:[]}}\" data-widget_type=\"nested-carousel.default\">\n\t\t\t\t<div class=\"elementor-widget-container\">\n\t\t\t\t\t<div class=\"e-n-carousel swiper\" dir=\"ltr\">\n\t\t\t<div class=\"swiper-wrapper\" aria-live=\"off\">\n\t\t\t\t\t\t\t\t\t\t<div class=\"swiper-slide\" data-slide=\"1\" role=\"group\" aria-roledescription=\"slide\" aria-label=\"1 of 2\">\n\t\t\t\t\t\t\t<div class=\"elementor-element elementor-element-5f9ebf7 e-flex e-con-boxed e-con e-child\" data-id=\"5f9ebf7\" data-element_type=\"container\">\n\t\t\t\t\t<div class=\"e-con-inner\">\n\t\t\t\t<div class=\"elementor-element elementor-element-4657c80 elementor-widget elementor-widget-image\" data-id=\"4657c80\" data-element_type=\"widget\" data-widget_type=\"image.default\">\n\t\t\t\t<div class=\"elementor-widget-container\">\n\t\t\t\t\t\t\t\t\t\t<figure class=\"wp-caption\">\n\t\t\t\t\t\t\t\t\t\t<img fetchpriority=\"high\" decoding=\"async\" width=\"800\" height=\"600\" src=\"https:\/\/wheels4u.rs\/wp-content\/uploads\/2024\/12\/VW-PASSAT-B-8-2.0-D-AUTomatik-1024x768.jpeg\" class=\"attachment-large size-large wp-image-151\" alt=\"\" srcset=\"https:\/\/wheels4u.rs\/wp-content\/uploads\/2024\/12\/VW-PASSAT-B-8-2.0-D-AUTomatik-1024x768.jpeg 1024w, https:\/\/wheels4u.rs\/wp-content\/uploads\/2024\/12\/VW-PASSAT-B-8-2.0-D-AUTomatik-300x225.jpeg 300w, https:\/\/wheels4u.rs\/wp-content\/uploads\/2024\/12\/VW-PASSAT-B-8-2.0-D-AUTomatik-768x576.jpeg 768w, https:\/\/wheels4u.rs\/wp-content\/uploads\/2024\/12\/VW-PASSAT-B-8-2.0-D-AUTomatik-16x12.jpeg 16w, https:\/\/wheels4u.rs\/wp-content\/uploads\/2024\/12\/VW-PASSAT-B-8-2.0-D-AUTomatik.jpeg 1440w\" sizes=\"(max-width: 800px) 100vw, 800px\" \/>\t\t\t\t\t\t\t\t\t\t\t<figcaption class=\"widget-image-caption wp-caption-text\">VW PASSAT B 8 2.0 D Automatik<\/figcaption>\n\t\t\t\t\t\t\t\t\t\t<\/figure>\n\t\t\t\t\t\t\t<\/div>\n\t\t\t\t<\/div>\n\t\t\t\t\t<\/div>\n\t\t\t\t<\/div>\n\t\t\t\t\t\t\t\t<\/div>\n\t\t\t\t\t\t\t\t\t\t\t<div class=\"swiper-slide\" data-slide=\"2\" role=\"group\" aria-roledescription=\"slide\" aria-label=\"2 of 2\">\n\t\t\t\t\t\t\t<div class=\"elementor-element elementor-element-cd1b00b e-flex e-con-boxed e-con e-child\" data-id=\"cd1b00b\" data-element_type=\"container\">\n\t\t\t\t\t<div class=\"e-con-inner\">\n\t\t\t\t<div class=\"elementor-element elementor-element-b83dc77 elementor-widget elementor-widget-image\" data-id=\"b83dc77\" data-element_type=\"widget\" data-widget_type=\"image.default\">\n\t\t\t\t<div class=\"elementor-widget-container\">\n\t\t\t\t\t\t\t\t\t\t<figure class=\"wp-caption\">\n\t\t\t\t\t\t\t\t\t\t<img decoding=\"async\" width=\"800\" height=\"600\" src=\"https:\/\/wheels4u.rs\/wp-content\/uploads\/2024\/12\/MERCEDES-S-400-automatik-1024x768.webp\" class=\"attachment-large size-large wp-image-150\" alt=\"\" srcset=\"https:\/\/wheels4u.rs\/wp-content\/uploads\/2024\/12\/MERCEDES-S-400-automatik-1024x768.webp 1024w, https:\/\/wheels4u.rs\/wp-content\/uploads\/2024\/12\/MERCEDES-S-400-automatik-300x225.webp 300w, https:\/\/wheels4u.rs\/wp-content\/uploads\/2024\/12\/MERCEDES-S-400-automatik-768x576.webp 768w, https:\/\/wheels4u.rs\/wp-content\/uploads\/2024\/12\/MERCEDES-S-400-automatik-16x12.webp 16w, https:\/\/wheels4u.rs\/wp-content\/uploads\/2024\/12\/MERCEDES-S-400-automatik.webp 1342w\" sizes=\"(max-width: 800px) 100vw, 800px\" \/>\t\t\t\t\t\t\t\t\t\t\t<figcaption class=\"widget-image-caption wp-caption-text\">MERCEDES S 400 automatik<\/figcaption>\n\t\t\t\t\t\t\t\t\t\t<\/figure>\n\t\t\t\t\t\t\t<\/div>\n\t\t\t\t<\/div>\n\t\t\t\t\t<\/div>\n\t\t\t\t<\/div>\n\t\t\t\t\t\t\t\t<\/div>\n\t\t\t\t\t\t\t\t<\/div>\n\t\t<\/div>\n\t\t\t\t\t<div class=\"elementor-swiper-button elementor-swiper-button-prev\" role=\"button\" tabindex=\"0\">\n\t\t\t\t<svg aria-hidden=\"true\" class=\"e-font-icon-svg e-eicon-chevron-left\" viewbox=\"0 0 1000 1000\" xmlns=\"http:\/\/www.w3.org\/2000\/svg\"><path d=\"M646 125C629 125 613 133 604 142L308 442C296 454 292 471 292 487 292 504 296 521 308 533L604 854C617 867 629 875 646 875 663 875 679 871 692 858 704 846 713 829 713 812 713 796 708 779 692 767L438 487 692 225C700 217 708 204 708 187 708 171 704 154 692 142 675 129 663 125 646 125Z\"><\/path><\/svg>\t\t\t<\/div>\n\t\t\t<div class=\"elementor-swiper-button elementor-swiper-button-next\" role=\"button\" tabindex=\"0\">\n\t\t\t\t<svg aria-hidden=\"true\" class=\"e-font-icon-svg e-eicon-chevron-right\" viewbox=\"0 0 1000 1000\" xmlns=\"http:\/\/www.w3.org\/2000\/svg\"><path d=\"M696 533C708 521 713 504 713 487 713 471 708 454 696 446L400 146C388 133 375 125 354 125 338 125 325 129 313 142 300 154 292 171 292 187 292 204 296 221 308 233L563 492 304 771C292 783 288 800 288 817 288 833 296 850 308 863 321 871 338 875 354 875 371 875 388 867 400 854L696 533Z\"><\/path><\/svg>\t\t\t<\/div>\n\t\t\t\t\t<div class=\"swiper-pagination\"><\/div>\n\t\t\t\t<\/div>\n\t\t\t\t<\/div>\n\t\t\t\t<\/div>\n\t\t\t\t\t<\/div>\n\t\t\t\t<\/div>\n\t\t\t\t<\/div>","protected":false},"excerpt":{"rendered":"<p>Car Transfer Contact Us A to B Our car transfer service offers a convenient and reliable way to get from point A to point B with ease. Whether you&#8217;re heading to the airport, a hotel, or a special event, we ensure a smooth and comfortable journey with our well-maintained vehicles and professional drivers Contact Us [&hellip;]<\/p>","protected":false},"author":1,"featured_media":0,"parent":0,"menu_order":0,"comment_status":"closed","ping_status":"closed","template":"elementor_header_footer","meta":{"footnotes":""},"class_list":["post-135","page","type-page","status-publish","hentry"],"yoast_head":"<!-- This site is optimized with the Yoast SEO plugin v24.3 - https:\/\/yoast.com\/wordpress\/plugins\/seo\/ -->\n<title>Belgrade Airport &amp; City Transfers | Professional Drivers, Comfortable Rides<\/title>\n<meta name=\"description\" content=\"Wheels 4 U offers professional car transfers in Belgrade \u2013 airport, hotels, and city destinations. Affordable, safe, and hassle-free. Reserve now!\" \/>\n<meta name=\"robots\" content=\"index, follow, max-snippet:-1, max-image-preview:large, max-video-preview:-1\" \/>\n<link rel=\"canonical\" href=\"https:\/\/wheels4u.rs\/sr\/car-transfer\/\" \/>\n<meta property=\"og:locale\" content=\"sr_RS\" \/>\n<meta property=\"og:type\" content=\"article\" \/>\n<meta property=\"og:title\" content=\"Belgrade Airport &amp; City Transfers | Professional Drivers, Comfortable Rides\" \/>\n<meta property=\"og:description\" content=\"Wheels 4 U offers professional car transfers in Belgrade \u2013 airport, hotels, and city destinations. Affordable, safe, and hassle-free. Reserve now!\" \/>\n<meta property=\"og:url\" content=\"https:\/\/wheels4u.rs\/sr\/car-transfer\/\" \/>\n<meta property=\"og:site_name\" content=\"Wheels 4 U\" \/>\n<meta property=\"article:modified_time\" content=\"2025-02-04T11:02:32+00:00\" \/>\n<meta property=\"og:image\" content=\"https:\/\/wheels4u.rs\/wp-content\/uploads\/2024\/12\/VW-PASSAT-B-8-2.0-D-AUTomatik-1024x768.jpeg\" \/>\n<meta name=\"twitter:card\" content=\"summary_large_image\" \/>\n<meta name=\"twitter:label1\" content=\"\u041f\u0440\u043e\u0446\u0435\u045a\u0435\u043d\u043e \u0432\u0440\u0435\u043c\u0435 \u0447\u0438\u0442\u0430\u045a\u0430\" \/>\n\t<meta name=\"twitter:data1\" content=\"2 \u043c\u0438\u043d\u0443\u0442\u0430\" \/>\n<script type=\"application\/ld+json\" class=\"yoast-schema-graph\">{\"@context\":\"https:\/\/schema.org\",\"@graph\":[{\"@type\":\"WebPage\",\"@id\":\"https:\/\/wheels4u.rs\/car-transfer\/\",\"url\":\"https:\/\/wheels4u.rs\/car-transfer\/\",\"name\":\"Belgrade Airport & City Transfers | Professional Drivers, Comfortable Rides\",\"isPartOf\":{\"@id\":\"https:\/\/wheels4u.rs\/#website\"},\"primaryImageOfPage\":{\"@id\":\"https:\/\/wheels4u.rs\/car-transfer\/#primaryimage\"},\"image\":{\"@id\":\"https:\/\/wheels4u.rs\/car-transfer\/#primaryimage\"},\"thumbnailUrl\":\"https:\/\/wheels4u.rs\/wp-content\/uploads\/2024\/12\/VW-PASSAT-B-8-2.0-D-AUTomatik-1024x768.jpeg\",\"datePublished\":\"2024-12-23T10:47:47+00:00\",\"dateModified\":\"2025-02-04T11:02:32+00:00\",\"description\":\"Wheels 4 U offers professional car transfers in Belgrade \u2013 airport, hotels, and city destinations. Affordable, safe, and hassle-free. Reserve now!\",\"breadcrumb\":{\"@id\":\"https:\/\/wheels4u.rs\/car-transfer\/#breadcrumb\"},\"inLanguage\":\"sr-RS\",\"potentialAction\":[{\"@type\":\"ReadAction\",\"target\":[\"https:\/\/wheels4u.rs\/car-transfer\/\"]}]},{\"@type\":\"ImageObject\",\"inLanguage\":\"sr-RS\",\"@id\":\"https:\/\/wheels4u.rs\/car-transfer\/#primaryimage\",\"url\":\"https:\/\/wheels4u.rs\/wp-content\/uploads\/2024\/12\/VW-PASSAT-B-8-2.0-D-AUTomatik-1024x768.jpeg\",\"contentUrl\":\"https:\/\/wheels4u.rs\/wp-content\/uploads\/2024\/12\/VW-PASSAT-B-8-2.0-D-AUTomatik-1024x768.jpeg\"},{\"@type\":\"BreadcrumbList\",\"@id\":\"https:\/\/wheels4u.rs\/car-transfer\/#breadcrumb\",\"itemListElement\":[{\"@type\":\"ListItem\",\"position\":1,\"name\":\"Home\",\"item\":\"https:\/\/wheels4u.rs\/\"},{\"@type\":\"ListItem\",\"position\":2,\"name\":\"Car Transfer\"}]},{\"@type\":\"WebSite\",\"@id\":\"https:\/\/wheels4u.rs\/#website\",\"url\":\"https:\/\/wheels4u.rs\/\",\"name\":\"Wheels 4 U\",\"description\":\"\",\"publisher\":{\"@id\":\"https:\/\/wheels4u.rs\/#organization\"},\"potentialAction\":[{\"@type\":\"SearchAction\",\"target\":{\"@type\":\"EntryPoint\",\"urlTemplate\":\"https:\/\/wheels4u.rs\/?s={search_term_string}\"},\"query-input\":{\"@type\":\"PropertyValueSpecification\",\"valueRequired\":true,\"valueName\":\"search_term_string\"}}],\"inLanguage\":\"sr-RS\"},{\"@type\":\"Organization\",\"@id\":\"https:\/\/wheels4u.rs\/#organization\",\"name\":\"Wheels 4 U\",\"url\":\"https:\/\/wheels4u.rs\/\",\"logo\":{\"@type\":\"ImageObject\",\"inLanguage\":\"sr-RS\",\"@id\":\"https:\/\/wheels4u.rs\/#\/schema\/logo\/image\/\",\"url\":\"https:\/\/wheels4u.rs\/wp-content\/uploads\/2024\/10\/Logo-Black-1.svg\",\"contentUrl\":\"https:\/\/wheels4u.rs\/wp-content\/uploads\/2024\/10\/Logo-Black-1.svg\",\"width\":651,\"height\":171,\"caption\":\"Wheels 4 U\"},\"image\":{\"@id\":\"https:\/\/wheels4u.rs\/#\/schema\/logo\/image\/\"}}]}<\/script>\n<!-- \/ Yoast SEO plugin. -->","yoast_head_json":{"title":"Belgrade Airport & City Transfers | Professional Drivers, Comfortable Rides","description":"Wheels 4 U offers professional car transfers in Belgrade \u2013 airport, hotels, and city destinations. Affordable, safe, and hassle-free. Reserve now!","robots":{"index":"index","follow":"follow","max-snippet":"max-snippet:-1","max-image-preview":"max-image-preview:large","max-video-preview":"max-video-preview:-1"},"canonical":"https:\/\/wheels4u.rs\/sr\/car-transfer\/","og_locale":"sr_RS","og_type":"article","og_title":"Belgrade Airport & City Transfers | Professional Drivers, Comfortable Rides","og_description":"Wheels 4 U offers professional car transfers in Belgrade \u2013 airport, hotels, and city destinations. Affordable, safe, and hassle-free. Reserve now!","og_url":"https:\/\/wheels4u.rs\/sr\/car-transfer\/","og_site_name":"Wheels 4 U","article_modified_time":"2025-02-04T11:02:32+00:00","og_image":[{"url":"https:\/\/wheels4u.rs\/wp-content\/uploads\/2024\/12\/VW-PASSAT-B-8-2.0-D-AUTomatik-1024x768.jpeg","type":"","width":"","height":""}],"twitter_card":"summary_large_image","twitter_misc":{"\u041f\u0440\u043e\u0446\u0435\u045a\u0435\u043d\u043e \u0432\u0440\u0435\u043c\u0435 \u0447\u0438\u0442\u0430\u045a\u0430":"2 \u043c\u0438\u043d\u0443\u0442\u0430"},"schema":{"@context":"https:\/\/schema.org","@graph":[{"@type":"WebPage","@id":"https:\/\/wheels4u.rs\/car-transfer\/","url":"https:\/\/wheels4u.rs\/car-transfer\/","name":"Belgrade Airport & City Transfers | Professional Drivers, Comfortable Rides","isPartOf":{"@id":"https:\/\/wheels4u.rs\/#website"},"primaryImageOfPage":{"@id":"https:\/\/wheels4u.rs\/car-transfer\/#primaryimage"},"image":{"@id":"https:\/\/wheels4u.rs\/car-transfer\/#primaryimage"},"thumbnailUrl":"https:\/\/wheels4u.rs\/wp-content\/uploads\/2024\/12\/VW-PASSAT-B-8-2.0-D-AUTomatik-1024x768.jpeg","datePublished":"2024-12-23T10:47:47+00:00","dateModified":"2025-02-04T11:02:32+00:00","description":"Wheels 4 U offers professional car transfers in Belgrade \u2013 airport, hotels, and city destinations. Affordable, safe, and hassle-free. Reserve now!","breadcrumb":{"@id":"https:\/\/wheels4u.rs\/car-transfer\/#breadcrumb"},"inLanguage":"sr-RS","potentialAction":[{"@type":"ReadAction","target":["https:\/\/wheels4u.rs\/car-transfer\/"]}]},{"@type":"ImageObject","inLanguage":"sr-RS","@id":"https:\/\/wheels4u.rs\/car-transfer\/#primaryimage","url":"https:\/\/wheels4u.rs\/wp-content\/uploads\/2024\/12\/VW-PASSAT-B-8-2.0-D-AUTomatik-1024x768.jpeg","contentUrl":"https:\/\/wheels4u.rs\/wp-content\/uploads\/2024\/12\/VW-PASSAT-B-8-2.0-D-AUTomatik-1024x768.jpeg"},{"@type":"BreadcrumbList","@id":"https:\/\/wheels4u.rs\/car-transfer\/#breadcrumb","itemListElement":[{"@type":"ListItem","position":1,"name":"Home","item":"https:\/\/wheels4u.rs\/"},{"@type":"ListItem","position":2,"name":"Car Transfer"}]},{"@type":"WebSite","@id":"https:\/\/wheels4u.rs\/#website","url":"https:\/\/wheels4u.rs\/","name":"Wheels 4 U","description":"","publisher":{"@id":"https:\/\/wheels4u.rs\/#organization"},"potentialAction":[{"@type":"SearchAction","target":{"@type":"EntryPoint","urlTemplate":"https:\/\/wheels4u.rs\/?s={search_term_string}"},"query-input":{"@type":"PropertyValueSpecification","valueRequired":true,"valueName":"search_term_string"}}],"inLanguage":"sr-RS"},{"@type":"Organization","@id":"https:\/\/wheels4u.rs\/#organization","name":"Wheels 4 U","url":"https:\/\/wheels4u.rs\/","logo":{"@type":"ImageObject","inLanguage":"sr-RS","@id":"https:\/\/wheels4u.rs\/#\/schema\/logo\/image\/","url":"https:\/\/wheels4u.rs\/wp-content\/uploads\/2024\/10\/Logo-Black-1.svg","contentUrl":"https:\/\/wheels4u.rs\/wp-content\/uploads\/2024\/10\/Logo-Black-1.svg","width":651,"height":171,"caption":"Wheels 4 U"},"image":{"@id":"https:\/\/wheels4u.rs\/#\/schema\/logo\/image\/"}}]}},"_links":{"self":[{"href":"https:\/\/wheels4u.rs\/sr\/wp-json\/wp\/v2\/pages\/135","targetHints":{"allow":["GET"]}}],"collection":[{"href":"https:\/\/wheels4u.rs\/sr\/wp-json\/wp\/v2\/pages"}],"about":[{"href":"https:\/\/wheels4u.rs\/sr\/wp-json\/wp\/v2\/types\/page"}],"author":[{"embeddable":true,"href":"https:\/\/wheels4u.rs\/sr\/wp-json\/wp\/v2\/users\/1"}],"replies":[{"embeddable":true,"href":"https:\/\/wheels4u.rs\/sr\/wp-json\/wp\/v2\/comments?post=135"}],"version-history":[{"count":40,"href":"https:\/\/wheels4u.rs\/sr\/wp-json\/wp\/v2\/pages\/135\/revisions"}],"predecessor-version":[{"id":183,"href":"https:\/\/wheels4u.rs\/sr\/wp-json\/wp\/v2\/pages\/135\/revisions\/183"}],"wp:attachment":[{"href":"https:\/\/wheels4u.rs\/sr\/wp-json\/wp\/v2\/media?parent=135"}],"curies":[{"name":"wp","href":"https:\/\/api.w.org\/{rel}","templated":true}]}}