{"id":20,"date":"2024-10-25T09:03:45","date_gmt":"2024-10-25T09:03:45","guid":{"rendered":"https:\/\/wheels4u.rs\/?page_id=20"},"modified":"2025-02-04T11:06:46","modified_gmt":"2025-02-04T11:06:46","slug":"rental-agreement","status":"publish","type":"page","link":"https:\/\/wheels4u.rs\/sr\/rental-agreement\/","title":{"rendered":"Rental Agreement"},"content":{"rendered":"<div data-elementor-type=\"wp-page\" data-elementor-id=\"20\" class=\"elementor elementor-20\" data-elementor-post-type=\"page\">\n\t\t\t\t<div class=\"elementor-element elementor-element-fe42f01 e-flex e-con-boxed e-con e-parent\" data-id=\"fe42f01\" data-element_type=\"container\">\n\t\t\t\t\t<div class=\"e-con-inner\">\n\t\t\t\t<div class=\"elementor-element elementor-element-ffb9b98 elementor-widget elementor-widget-text-editor\" data-id=\"ffb9b98\" data-element_type=\"widget\" data-widget_type=\"text-editor.default\">\n\t\t\t\t<div class=\"elementor-widget-container\">\n\t\t\t\t\t\t\t<p><b>UGOVOR O NAJMU<\/b><\/p><ol><li><b><\/b> <span style=\"font-weight: 400;\">WHEELS4U daje na kori\u0161\u0107enje vozilo pod uslovima utvr\u0111enim ovim ugovorom.<\/span><\/li><li><b><\/b> <span style=\"font-weight: 400;\">Potpisom ovog ugovora korisnik se obavezuje:<\/span><\/li><\/ol><p><span style=\"font-weight: 400;\">- da \u0107e iznajmljeno vozilo nakon zavr\u0161enog najma vratiti u mesto i u roku potvr\u0111enom ovim ugovorom, odnosno i ranije na zahtev WHEELS4U-a,<\/span><\/p><p><span style=\"font-weight: 400;\">- da \u0107e produ\u017eenje ugovorenog vremena najam i sve ostale promene zatra\u017eiti od WHEELS4U-a, u protivnom prijavi\u0107e se nestanak vozila,<\/span><\/p><p><span style=\"font-weight: 400;\">- da odmah prekine vo\u017enju ako se za vreme najma dogodi kvar na kilometar satu i da o kvaru na najpogodniji na\u010din obavesti najbli\u017eu poslovnicu. Ukoliko se prilikom vra\u0107anja vozila, ustanovi da je kilometar sat o\u0161te\u0107en, korisnik se obavezuje da plati WHEELS4U-u nadoknadu za pre\u0111enih 500 km dnevno po va\u017ee\u0107em Cenovniku,<\/span><\/p><p><span style=\"font-weight: 400;\">- da iznajmljeno vozilo ne\u0107e koristiti u nedozvoljene svrhe (za vr\u0161enje krivi\u010dnih dela), obuku voza\u010da, prevoz ili vu\u010du drugih vozila,<\/span><\/p><p><span style=\"font-weight: 400;\">- da \u0107e iznajmljeno vozilo koristi samo za sopstvene potrebe i vozilom upravljati on ili lice koje je pored njega u ugovoru navedeno kao voza\u010d,<\/span><\/p><p><span style=\"font-weight: 400;\">- da iznajmljeno vozilo ne prelazi granice Srbije bez prethodne dozvole WHEELS4U-a.<\/span><\/p><ol start=\"3\"><li><b><\/b> <span style=\"font-weight: 400;\">Za nedostatak delova vozila, opreme i pribora, korisnik \u0107e isplatiti WHEELS4U-u njihovu nov\u010danu vrednost po tr\u017ei\u0161nim cenama na dan vra\u0107anja vozila.<\/span><\/li><li><b><\/b> <span style=\"font-weight: 400;\">WHEELS4U \u0107e nadoknaditi korisniku neophodne tro\u0161kove za lake opravke, redovan servis kao i zamenu ulja i maziva, koji su nastali u toku najma, na osnovu podnetog i ispravnog ra\u010duna. Svaki ra\u010dun mora biti naslovljen na WHEELS4U i prizna\u0107e se ako je pla\u0107en u gotovom. Ako se utvrdi da je korisnik uradio nepotrebnu zamenu nekog sklopa, dela ili ure\u0111aja, WHEELS4U ne\u0107e korisniku isplatiti vrednost istog.<\/span><\/li><li><b><\/b> <span style=\"font-weight: 400;\">Korisnik se obavezuje da \u0107e platiti WHEELS4U-u:<\/span><\/li><\/ol><p><span style=\"font-weight: 400;\">- iznos za dnevni najam i pre\u0111enu kilomtetra\u017eu po cenama koje su nazna\u010dene na prednjoj strani ovog ugovora, a sa kojima se korisnik saglasio,<\/span><\/p><p><span style=\"font-weight: 400;\">- povratnu kilometra\u017eu kada korisnik vra\u0107a iznajmljeno vozilo u mestu u kome ne postoji WHEELS4Uova poslovnica,<\/span><\/p><p><span style=\"font-weight: 400;\">- tankovanje vozila se napla\u0107uje prema va\u017ee\u0107em cenovniku,<\/span><\/p><p><span style=\"font-weight: 400;\">- tro\u0161kove opravke autoguma.<\/span><\/p><ol start=\"6\"><li><b><\/b> <span style=\"font-weight: 400;\">Korisnik je obavezan da plati bez kasnijeg tra\u017eenja naknade od WHEELS4Ua sve tro\u0161kove drumarine, mostarine, kazni zbog kr\u0161enja saobra\u0107ajnih propisa, taksa sudskih sporova i drugih povreda zakona i propisa izre\u010denih protiv WHEELS4Ua kao vlasnika iznajmljenog vozila.<\/span><\/li><li><b><\/b> <span style=\"font-weight: 400;\">Ako usled nepa\u017enje korisnika ili voza\u010da do\u0111e do o\u0161te\u0107enja motora zbog nestanka motornog ulja, sredstva za hla\u0111enje ili drugih karakteristi\u010dnih kvarova izazvanih nemarno\u0161\u0107u korisnika, korisnik \u0107e nadoknaditi WHEELS4U-u ceo iznos opravke vozila.<\/span><\/li><li><b><\/b> <span style=\"font-weight: 400;\">Cena najma ne uklju\u010duje slede\u0107e rizike:<\/span><\/li><\/ol><p><span style=\"font-weight: 400;\">- havariju vozila nastalu udesom - u slu\u010daju udesa stranka pla\u0107a celokupnu \u0161tetu na vozilu,<\/span><\/p><p><span style=\"font-weight: 400;\">- kra\u0111u vozila za vreme najma - u slu\u010daju kra\u0111e vozila stranka pla\u0107a vrednost celog vozila<\/span><\/p><p><span style=\"font-weight: 400;\">- invalidnost \/ smrt nastala udesom.<\/span><\/p><ol start=\"9\"><li><b><\/b> <span style=\"font-weight: 400;\">Korisnik se mo\u017ee osigurati za \u0161tete nastale na vozilu u slu\u010daju udesa potpisom na prednjoj strani Ugovora o najmu ta\u010dke 29 i pla\u0107anjem osiguranja za \u0161tete sa ili bez u\u010de\u0161\u0107a u \u0161teti, a prema va\u017ee\u0107em cenovniku. Svaki slu\u010daj udesa \/ o\u0161te\u0107enja vozila u toku najma korisnik mora prijaviti nadle\u017enom organu Milicije.<\/span><\/li><li><b><\/b> <span style=\"font-weight: 400;\">U slu\u010daju udesa iznajmljenog vozila kada je korisnik kupio osiguranje za \u0161tete sa u\u010de\u0161\u0107em u \u0161teti i kada je udes prijavljen nadle\u017enom organu Policije, korisnik nije otkupio celokupnu \u0161tetu na vozilu ve\u0107 pla\u0107a i u\u010de\u0161\u0107e u \u0161teti prema cenovniku.<\/span><\/li><li><b><\/b> <span style=\"font-weight: 400;\">Pla\u0107anja u\u010de\u0161\u0107a u \u0161teti su oslobo\u0111eni korisnici koji kupe osiguranje za \u0161tete bez u\u010de\u0161\u0107a u \u0161teti uz obavezu da udes vozila prijave nadle\u017enom organu Policije.<\/span><\/li><li><b><\/b> <span style=\"font-weight: 400;\">Ukoliko udes nije prijavljen nadle\u017enom organu Policije korisnik pla\u0107a pun iznos o\u0161te\u0107enja na vozilu bez obzira na kupljeno osiguranje.<\/span><\/li><li><b><\/b> <span style=\"font-weight: 400;\">Korisnik mo\u017ee otkupiti mogu\u0107u \u0161tetu nastalu kra\u0111om vozila u toku najma, pla\u0107anjem osiguranja za kra\u0111u prema cenovniku. Kra\u0111u ili nestanak vozila u toku najma korisnik mora prijaviti nadle\u017enom organu Policije.<\/span><\/li><li><b><\/b> <span style=\"font-weight: 400;\">U slu\u010daju kra\u0111e vozila u toku najma gde je kra\u0111a prijavljena nadle\u017enom organu Policije korisnik nije otkupio celokupnu vrednost ukradenog vozila ve\u0107 pla\u0107a i u\u010de\u0161\u0107e u vrednosti ukradenog vozila prema cenovniku.<\/span><\/li><li><b><\/b> <span style=\"font-weight: 400;\">Ukoliko kra\u0111a vozila nije prijavljena nadle\u017enom organu Policije, korisnik pla\u0107a punu vrednost ukradenog vozila.<\/span><\/li><li><b><\/b> <span style=\"font-weight: 400;\">Osiguranjem nije pokrivena odgovornost za \u0161tete pri\u010dinjene namerno, pod uticajem alkohola ili droge, bez propisane ili oduzete dozvole, kada se u vozilu nalazi ve\u0107i broj lica od broja registrovanih sedi\u0161ta i u drugim slu\u010dajevima predvi\u0111enim pravilima osiguranja.<\/span><\/li><li>Ovaj Ugovor je sa\u010dinjen u tri primerka. Izmene Ugovora se mogu vr\u0161iti samo pismenim putem uz saglasnost obe ugovorne strane. U slu\u010daju spora po ovom ugovoru, stranke za re\u0161avanje spora priznaju nadle\u017enost suda u Beogradu.<\/li><\/ol>\t\t\t\t\t\t<\/div>\n\t\t\t\t<\/div>\n\t\t\t\t\t<\/div>\n\t\t\t\t<\/div>\n\t\t\t\t<\/div>","protected":false},"excerpt":{"rendered":"<p>RENTAL AGREEMENT WHEELS4U rents car to the client under the terms herein stipulated. By signing the Agreement, the client undertakes: &#8211; that rented car shall be returned after expiration of the stipulated terms at the place and time as set forth in this agreement or earlier if requested by WHEELS4U, &#8211; renter who wishes to [&hellip;]<\/p>","protected":false},"author":1,"featured_media":0,"parent":0,"menu_order":0,"comment_status":"closed","ping_status":"closed","template":"elementor_header_footer","meta":{"footnotes":""},"class_list":["post-20","page","type-page","status-publish","hentry"],"yoast_head":"<!-- This site is optimized with the Yoast SEO plugin v24.3 - https:\/\/yoast.com\/wordpress\/plugins\/seo\/ -->\n<title>Wheels 4 U Rental Agreement | Car Hire Terms &amp; Conditions in Belgrade<\/title>\n<meta name=\"description\" content=\"Wheels 4 U car rental agreement \u2013 everything you need to know about insurance, deposits, and conditions for car rentals in Belgrade &amp; airport.\" \/>\n<meta name=\"robots\" content=\"index, follow, max-snippet:-1, max-image-preview:large, max-video-preview:-1\" \/>\n<link rel=\"canonical\" href=\"https:\/\/wheels4u.rs\/sr\/rental-agreement\/\" \/>\n<meta property=\"og:locale\" content=\"sr_RS\" \/>\n<meta property=\"og:type\" content=\"article\" \/>\n<meta property=\"og:title\" content=\"Wheels 4 U Rental Agreement | Car Hire Terms &amp; Conditions in Belgrade\" \/>\n<meta property=\"og:description\" content=\"Wheels 4 U car rental agreement \u2013 everything you need to know about insurance, deposits, and conditions for car rentals in Belgrade &amp; airport.\" \/>\n<meta property=\"og:url\" content=\"https:\/\/wheels4u.rs\/sr\/rental-agreement\/\" \/>\n<meta property=\"og:site_name\" content=\"Wheels 4 U\" \/>\n<meta property=\"article:modified_time\" content=\"2025-02-04T11:06:46+00:00\" \/>\n<meta name=\"twitter:card\" content=\"summary_large_image\" \/>\n<script type=\"application\/ld+json\" class=\"yoast-schema-graph\">{\"@context\":\"https:\/\/schema.org\",\"@graph\":[{\"@type\":\"WebPage\",\"@id\":\"https:\/\/wheels4u.rs\/rental-agreement\/\",\"url\":\"https:\/\/wheels4u.rs\/rental-agreement\/\",\"name\":\"Wheels 4 U Rental Agreement | Car Hire Terms & Conditions in Belgrade\",\"isPartOf\":{\"@id\":\"https:\/\/wheels4u.rs\/#website\"},\"datePublished\":\"2024-10-25T09:03:45+00:00\",\"dateModified\":\"2025-02-04T11:06:46+00:00\",\"description\":\"Wheels 4 U car rental agreement \u2013 everything you need to know about insurance, deposits, and conditions for car rentals in Belgrade & airport.\",\"breadcrumb\":{\"@id\":\"https:\/\/wheels4u.rs\/rental-agreement\/#breadcrumb\"},\"inLanguage\":\"sr-RS\",\"potentialAction\":[{\"@type\":\"ReadAction\",\"target\":[\"https:\/\/wheels4u.rs\/rental-agreement\/\"]}]},{\"@type\":\"BreadcrumbList\",\"@id\":\"https:\/\/wheels4u.rs\/rental-agreement\/#breadcrumb\",\"itemListElement\":[{\"@type\":\"ListItem\",\"position\":1,\"name\":\"Home\",\"item\":\"https:\/\/wheels4u.rs\/\"},{\"@type\":\"ListItem\",\"position\":2,\"name\":\"Rental Agreement\"}]},{\"@type\":\"WebSite\",\"@id\":\"https:\/\/wheels4u.rs\/#website\",\"url\":\"https:\/\/wheels4u.rs\/\",\"name\":\"Wheels 4 U\",\"description\":\"\",\"publisher\":{\"@id\":\"https:\/\/wheels4u.rs\/#organization\"},\"potentialAction\":[{\"@type\":\"SearchAction\",\"target\":{\"@type\":\"EntryPoint\",\"urlTemplate\":\"https:\/\/wheels4u.rs\/?s={search_term_string}\"},\"query-input\":{\"@type\":\"PropertyValueSpecification\",\"valueRequired\":true,\"valueName\":\"search_term_string\"}}],\"inLanguage\":\"sr-RS\"},{\"@type\":\"Organization\",\"@id\":\"https:\/\/wheels4u.rs\/#organization\",\"name\":\"Wheels 4 U\",\"url\":\"https:\/\/wheels4u.rs\/\",\"logo\":{\"@type\":\"ImageObject\",\"inLanguage\":\"sr-RS\",\"@id\":\"https:\/\/wheels4u.rs\/#\/schema\/logo\/image\/\",\"url\":\"https:\/\/wheels4u.rs\/wp-content\/uploads\/2024\/10\/Logo-Black-1.svg\",\"contentUrl\":\"https:\/\/wheels4u.rs\/wp-content\/uploads\/2024\/10\/Logo-Black-1.svg\",\"width\":651,\"height\":171,\"caption\":\"Wheels 4 U\"},\"image\":{\"@id\":\"https:\/\/wheels4u.rs\/#\/schema\/logo\/image\/\"}}]}<\/script>\n<!-- \/ Yoast SEO plugin. -->","yoast_head_json":{"title":"Wheels 4 U Rental Agreement | Car Hire Terms & Conditions in Belgrade","description":"Wheels 4 U car rental agreement \u2013 everything you need to know about insurance, deposits, and conditions for car rentals in Belgrade & airport.","robots":{"index":"index","follow":"follow","max-snippet":"max-snippet:-1","max-image-preview":"max-image-preview:large","max-video-preview":"max-video-preview:-1"},"canonical":"https:\/\/wheels4u.rs\/sr\/rental-agreement\/","og_locale":"sr_RS","og_type":"article","og_title":"Wheels 4 U Rental Agreement | Car Hire Terms & Conditions in Belgrade","og_description":"Wheels 4 U car rental agreement \u2013 everything you need to know about insurance, deposits, and conditions for car rentals in Belgrade & airport.","og_url":"https:\/\/wheels4u.rs\/sr\/rental-agreement\/","og_site_name":"Wheels 4 U","article_modified_time":"2025-02-04T11:06:46+00:00","twitter_card":"summary_large_image","schema":{"@context":"https:\/\/schema.org","@graph":[{"@type":"WebPage","@id":"https:\/\/wheels4u.rs\/rental-agreement\/","url":"https:\/\/wheels4u.rs\/rental-agreement\/","name":"Wheels 4 U Rental Agreement | Car Hire Terms & Conditions in Belgrade","isPartOf":{"@id":"https:\/\/wheels4u.rs\/#website"},"datePublished":"2024-10-25T09:03:45+00:00","dateModified":"2025-02-04T11:06:46+00:00","description":"Wheels 4 U car rental agreement \u2013 everything you need to know about insurance, deposits, and conditions for car rentals in Belgrade & airport.","breadcrumb":{"@id":"https:\/\/wheels4u.rs\/rental-agreement\/#breadcrumb"},"inLanguage":"sr-RS","potentialAction":[{"@type":"ReadAction","target":["https:\/\/wheels4u.rs\/rental-agreement\/"]}]},{"@type":"BreadcrumbList","@id":"https:\/\/wheels4u.rs\/rental-agreement\/#breadcrumb","itemListElement":[{"@type":"ListItem","position":1,"name":"Home","item":"https:\/\/wheels4u.rs\/"},{"@type":"ListItem","position":2,"name":"Rental Agreement"}]},{"@type":"WebSite","@id":"https:\/\/wheels4u.rs\/#website","url":"https:\/\/wheels4u.rs\/","name":"Wheels 4 U","description":"","publisher":{"@id":"https:\/\/wheels4u.rs\/#organization"},"potentialAction":[{"@type":"SearchAction","target":{"@type":"EntryPoint","urlTemplate":"https:\/\/wheels4u.rs\/?s={search_term_string}"},"query-input":{"@type":"PropertyValueSpecification","valueRequired":true,"valueName":"search_term_string"}}],"inLanguage":"sr-RS"},{"@type":"Organization","@id":"https:\/\/wheels4u.rs\/#organization","name":"Wheels 4 U","url":"https:\/\/wheels4u.rs\/","logo":{"@type":"ImageObject","inLanguage":"sr-RS","@id":"https:\/\/wheels4u.rs\/#\/schema\/logo\/image\/","url":"https:\/\/wheels4u.rs\/wp-content\/uploads\/2024\/10\/Logo-Black-1.svg","contentUrl":"https:\/\/wheels4u.rs\/wp-content\/uploads\/2024\/10\/Logo-Black-1.svg","width":651,"height":171,"caption":"Wheels 4 U"},"image":{"@id":"https:\/\/wheels4u.rs\/#\/schema\/logo\/image\/"}}]}},"_links":{"self":[{"href":"https:\/\/wheels4u.rs\/sr\/wp-json\/wp\/v2\/pages\/20","targetHints":{"allow":["GET"]}}],"collection":[{"href":"https:\/\/wheels4u.rs\/sr\/wp-json\/wp\/v2\/pages"}],"about":[{"href":"https:\/\/wheels4u.rs\/sr\/wp-json\/wp\/v2\/types\/page"}],"author":[{"embeddable":true,"href":"https:\/\/wheels4u.rs\/sr\/wp-json\/wp\/v2\/users\/1"}],"replies":[{"embeddable":true,"href":"https:\/\/wheels4u.rs\/sr\/wp-json\/wp\/v2\/comments?post=20"}],"version-history":[{"count":4,"href":"https:\/\/wheels4u.rs\/sr\/wp-json\/wp\/v2\/pages\/20\/revisions"}],"predecessor-version":[{"id":24,"href":"https:\/\/wheels4u.rs\/sr\/wp-json\/wp\/v2\/pages\/20\/revisions\/24"}],"wp:attachment":[{"href":"https:\/\/wheels4u.rs\/sr\/wp-json\/wp\/v2\/media?parent=20"}],"curies":[{"name":"wp","href":"https:\/\/api.w.org\/{rel}","templated":true}]}}