{"id":8,"date":"2024-10-25T08:57:36","date_gmt":"2024-10-25T08:57:36","guid":{"rendered":"https:\/\/wheels4u.rs\/?page_id=8"},"modified":"2025-02-04T10:55:40","modified_gmt":"2025-02-04T10:55:40","slug":"home","status":"publish","type":"page","link":"https:\/\/wheels4u.rs\/sr\/","title":{"rendered":"Po\u010detna"},"content":{"rendered":"<div data-elementor-type=\"wp-page\" data-elementor-id=\"8\" class=\"elementor elementor-8\" data-elementor-post-type=\"page\">\n\t\t\t\t<div class=\"elementor-element elementor-element-618c7be e-flex e-con-boxed e-con e-parent\" data-id=\"618c7be\" data-element_type=\"container\" data-settings=\"{&quot;background_background&quot;:&quot;classic&quot;}\">\n\t\t\t\t\t<div class=\"e-con-inner\">\n\t\t\t\t<div class=\"elementor-element elementor-element-a2cce52 elementor-widget elementor-widget-heading\" data-id=\"a2cce52\" data-element_type=\"widget\" data-widget_type=\"heading.default\">\n\t\t\t\t<div class=\"elementor-widget-container\">\n\t\t\t<h1 class=\"elementor-heading-title elementor-size-default\">Rent a Car za Svaku Priliku!<\/h1>\t\t<\/div>\n\t\t\t\t<\/div>\n\t\t\t\t<div class=\"elementor-element elementor-element-f62e126 elementor-widget elementor-widget-heading\" data-id=\"f62e126\" data-element_type=\"widget\" data-widget_type=\"heading.default\">\n\t\t\t\t<div class=\"elementor-widget-container\">\n\t\t\t<h2 class=\"elementor-heading-title elementor-size-default\">Kvalitet, Udobnost i Pouzdanost<\/h2>\t\t<\/div>\n\t\t\t\t<\/div>\n\t\t\t\t<div class=\"elementor-element elementor-element-853d81a elementor-widget elementor-widget-button\" data-id=\"853d81a\" data-element_type=\"widget\" data-widget_type=\"button.default\">\n\t\t\t\t<div class=\"elementor-widget-container\">\n\t\t\t\t\t<div class=\"elementor-button-wrapper\">\n\t\t\t<a class=\"elementor-button elementor-button-link elementor-size-sm\" href=\"https:\/\/wheels4u.rs\/sr\/search-your-car\/\">\n\t\t\t\t\t\t<span class=\"elementor-button-content-wrapper\">\n\t\t\t\t\t\t\t\t\t<span class=\"elementor-button-text\">REZERVI\u0160I ODMAH<\/span>\n\t\t\t\t\t<\/span>\n\t\t\t\t\t<\/a>\n\t\t<\/div>\n\t\t\t\t<\/div>\n\t\t\t\t<\/div>\n\t\t\t\t\t<\/div>\n\t\t\t\t<\/div>\n\t\t<div class=\"elementor-element elementor-element-0cb4185 e-flex e-con-boxed e-con e-parent\" data-id=\"0cb4185\" data-element_type=\"container\">\n\t\t\t\t\t<div class=\"e-con-inner\">\n\t\t<div class=\"elementor-element elementor-element-68b3238 e-con-full e-flex elementor-invisible e-con e-child\" data-id=\"68b3238\" data-element_type=\"container\" data-settings=\"{&quot;animation&quot;:&quot;fadeInLeft&quot;}\">\n\t\t\t\t<div class=\"elementor-element elementor-element-8be07bd elementor-widget elementor-widget-image\" data-id=\"8be07bd\" data-element_type=\"widget\" data-widget_type=\"image.default\">\n\t\t\t\t<div class=\"elementor-widget-container\">\n\t\t\t\t\t\t\t\t\t\t\t\t\t<img fetchpriority=\"high\" decoding=\"async\" width=\"800\" height=\"800\" src=\"https:\/\/wheels4u.rs\/wp-content\/uploads\/2024\/10\/Untitled-design-4-2.jpg\" class=\"attachment-large size-large wp-image-12\" alt=\"\" srcset=\"https:\/\/wheels4u.rs\/wp-content\/uploads\/2024\/10\/Untitled-design-4-2.jpg 1000w, https:\/\/wheels4u.rs\/wp-content\/uploads\/2024\/10\/Untitled-design-4-2-300x300.jpg 300w, https:\/\/wheels4u.rs\/wp-content\/uploads\/2024\/10\/Untitled-design-4-2-150x150.jpg 150w, https:\/\/wheels4u.rs\/wp-content\/uploads\/2024\/10\/Untitled-design-4-2-768x768.jpg 768w, https:\/\/wheels4u.rs\/wp-content\/uploads\/2024\/10\/Untitled-design-4-2-12x12.jpg 12w\" sizes=\"(max-width: 800px) 100vw, 800px\" \/>\t\t\t\t\t\t\t\t\t\t\t\t\t<\/div>\n\t\t\t\t<\/div>\n\t\t\t\t<\/div>\n\t\t<div class=\"elementor-element elementor-element-39c5fdb e-con-full e-flex elementor-invisible e-con e-child\" data-id=\"39c5fdb\" data-element_type=\"container\" data-settings=\"{&quot;animation&quot;:&quot;fadeInRight&quot;}\">\n\t\t\t\t<div class=\"elementor-element elementor-element-253ddb2 elementor-widget elementor-widget-heading\" data-id=\"253ddb2\" data-element_type=\"widget\" data-widget_type=\"heading.default\">\n\t\t\t\t<div class=\"elementor-widget-container\">\n\t\t\t<h2 class=\"elementor-heading-title elementor-size-default\">Na\u0161a Preporuka<\/h2>\t\t<\/div>\n\t\t\t\t<\/div>\n\t\t\t\t<div class=\"elementor-element elementor-element-0bb2382 elementor-widget elementor-widget-text-editor\" data-id=\"0bb2382\" data-element_type=\"widget\" data-widget_type=\"text-editor.default\">\n\t\t\t\t<div class=\"elementor-widget-container\">\n\t\t\t\t\t\t\t<p>U Wheels4U rent a car-u, ponosni smo na na\u0161u raznovrsnu ponudu vozila. Bez obzira na va\u0161e potrebe, imamo ne\u0161to za svakoga. Izdvojili smo nekoliko preporu\u010denih vozila koja su omiljena me\u0111u na\u0161im klijentima, ali ne propustite da pogledate i na\u0161u kompletnu ponudu. Sigurni smo da \u0107ete prona\u0107i idealno vozilo za va\u0161e putovanje!<\/p>\t\t\t\t\t\t<\/div>\n\t\t\t\t<\/div>\n\t\t\t\t<\/div>\n\t\t\t\t\t<\/div>\n\t\t\t\t<\/div>\n\t\t<div class=\"elementor-element elementor-element-a21c711 e-flex e-con-boxed e-con e-parent\" data-id=\"a21c711\" data-element_type=\"container\">\n\t\t\t\t\t<div class=\"e-con-inner\">\n\t\t<div class=\"elementor-element elementor-element-7199db1 e-con-full e-flex elementor-invisible e-con e-child\" data-id=\"7199db1\" data-element_type=\"container\" data-settings=\"{&quot;animation&quot;:&quot;fadeInLeft&quot;}\">\n\t\t\t\t<div class=\"elementor-element elementor-element-77290b4 elementor-widget elementor-widget-heading\" data-id=\"77290b4\" data-element_type=\"widget\" data-widget_type=\"heading.default\">\n\t\t\t\t<div class=\"elementor-widget-container\">\n\t\t\t<h2 class=\"elementor-heading-title elementor-size-default\">Za\u0161to Izabrati Nas?<\/h2>\t\t<\/div>\n\t\t\t\t<\/div>\n\t\t\t\t<div class=\"elementor-element elementor-element-be5ed57 elementor-widget elementor-widget-text-editor\" data-id=\"be5ed57\" data-element_type=\"widget\" data-widget_type=\"text-editor.default\">\n\t\t\t\t<div class=\"elementor-widget-container\">\n\t\t\t\t\t\t\t<p>Izbor Wheels4U Rent a Car zna\u010di brz, jednostavan i pouzdan proces iznajmljivanja vozila, po najvi\u0161im svetskim standardima. Na\u0161e dugogodi\u0161nje iskustvo, srda\u010dnost zaposlenih, i izvrsna usluga po pristupa\u010dnim cenama su samo neki od razloga za\u0161to smo omiljeni me\u0111u klijentima.<\/p><p><span style=\"font-weight: 400;\">Nudimo veliki izbor vozila koja su uvek odli\u010dno odr\u017eavana i besprekorno \u010dista. Bilo da tra\u017eite economy ili luksuzne automobile, kod nas \u0107ete na\u0107i najbolje opcije po najpovoljnijim cenama. Poslu\u0161ajte \u0161ta imaju da ka\u017eu na\u0161i zadovoljni korisnici i saznajte za\u0161to smo njihov prvi izbor!<\/span><\/p>\t\t\t\t\t\t<\/div>\n\t\t\t\t<\/div>\n\t\t\t\t<\/div>\n\t\t<div class=\"elementor-element elementor-element-2af405c e-con-full e-flex elementor-invisible e-con e-child\" data-id=\"2af405c\" data-element_type=\"container\" data-settings=\"{&quot;animation&quot;:&quot;fadeInRight&quot;}\">\n\t\t\t\t<div class=\"elementor-element elementor-element-190bd91 elementor-widget elementor-widget-image\" data-id=\"190bd91\" data-element_type=\"widget\" data-widget_type=\"image.default\">\n\t\t\t\t<div class=\"elementor-widget-container\">\n\t\t\t\t\t\t\t\t\t\t\t\t\t<img decoding=\"async\" width=\"800\" height=\"800\" src=\"https:\/\/wheels4u.rs\/wp-content\/uploads\/2024\/10\/Untitled-design-5-2.jpg\" class=\"attachment-large size-large wp-image-13\" alt=\"\" srcset=\"https:\/\/wheels4u.rs\/wp-content\/uploads\/2024\/10\/Untitled-design-5-2.jpg 1000w, https:\/\/wheels4u.rs\/wp-content\/uploads\/2024\/10\/Untitled-design-5-2-300x300.jpg 300w, https:\/\/wheels4u.rs\/wp-content\/uploads\/2024\/10\/Untitled-design-5-2-150x150.jpg 150w, https:\/\/wheels4u.rs\/wp-content\/uploads\/2024\/10\/Untitled-design-5-2-768x768.jpg 768w, https:\/\/wheels4u.rs\/wp-content\/uploads\/2024\/10\/Untitled-design-5-2-12x12.jpg 12w\" sizes=\"(max-width: 800px) 100vw, 800px\" \/>\t\t\t\t\t\t\t\t\t\t\t\t\t<\/div>\n\t\t\t\t<\/div>\n\t\t\t\t<\/div>\n\t\t\t\t\t<\/div>\n\t\t\t\t<\/div>\n\t\t<div class=\"elementor-element elementor-element-55b5b31 e-flex e-con-boxed e-con e-parent\" data-id=\"55b5b31\" data-element_type=\"container\">\n\t\t\t\t\t<div class=\"e-con-inner\">\n\t\t<div class=\"elementor-element elementor-element-f35350c e-con-full e-flex elementor-invisible e-con e-child\" data-id=\"f35350c\" data-element_type=\"container\" data-settings=\"{&quot;animation&quot;:&quot;fadeInLeft&quot;}\">\n\t\t\t\t<div class=\"elementor-element elementor-element-56a453e elementor-widget elementor-widget-image\" data-id=\"56a453e\" data-element_type=\"widget\" data-widget_type=\"image.default\">\n\t\t\t\t<div class=\"elementor-widget-container\">\n\t\t\t\t\t\t\t\t\t\t\t\t\t<img fetchpriority=\"high\" decoding=\"async\" width=\"800\" height=\"800\" src=\"https:\/\/wheels4u.rs\/wp-content\/uploads\/2024\/10\/Untitled-design-4-2.jpg\" class=\"attachment-large size-large wp-image-12\" alt=\"\" srcset=\"https:\/\/wheels4u.rs\/wp-content\/uploads\/2024\/10\/Untitled-design-4-2.jpg 1000w, https:\/\/wheels4u.rs\/wp-content\/uploads\/2024\/10\/Untitled-design-4-2-300x300.jpg 300w, https:\/\/wheels4u.rs\/wp-content\/uploads\/2024\/10\/Untitled-design-4-2-150x150.jpg 150w, https:\/\/wheels4u.rs\/wp-content\/uploads\/2024\/10\/Untitled-design-4-2-768x768.jpg 768w, https:\/\/wheels4u.rs\/wp-content\/uploads\/2024\/10\/Untitled-design-4-2-12x12.jpg 12w\" sizes=\"(max-width: 800px) 100vw, 800px\" \/>\t\t\t\t\t\t\t\t\t\t\t\t\t<\/div>\n\t\t\t\t<\/div>\n\t\t\t\t<\/div>\n\t\t<div class=\"elementor-element elementor-element-d0c42ae e-con-full e-flex elementor-invisible e-con e-child\" data-id=\"d0c42ae\" data-element_type=\"container\" data-settings=\"{&quot;animation&quot;:&quot;fadeInRight&quot;}\">\n\t\t\t\t<div class=\"elementor-element elementor-element-dfd7e4b elementor-widget elementor-widget-heading\" data-id=\"dfd7e4b\" data-element_type=\"widget\" data-widget_type=\"heading.default\">\n\t\t\t\t<div class=\"elementor-widget-container\">\n\t\t\t<h2 class=\"elementor-heading-title elementor-size-default\">O Nama<\/h2>\t\t<\/div>\n\t\t\t\t<\/div>\n\t\t\t\t<div class=\"elementor-element elementor-element-9e3ce92 elementor-widget elementor-widget-text-editor\" data-id=\"9e3ce92\" data-element_type=\"widget\" data-widget_type=\"text-editor.default\">\n\t\t\t\t<div class=\"elementor-widget-container\">\n\t\t\t\t\t\t\t<p>Preduze\u0107e Entercar d.o.o osnovao je Predrag Jovi\u0107 u Julu mesecu 2017 godine.,posle dugogodi\u0161njeg rada po elitnim svetskim kompanijama. Entercar je firma koja radi na principu zadovoljstva klijenata , gde se trudimo da klijent za \u0161to manje para dobije kvalitetnu uslugu i neki dodatni benefit . I ako u poslu treba stalno u\u010diti i pratiti nove trendove , mislimo da na\u0161a kompanija u autobiznisu ima puno znanja s obzirom da je Predrag ve\u0107 23 godine u Autoindustriji. Po\u010dev od 1994 u njegovoj biografiji su se menjale firme kao \u0161to su : Ministarstvo unutra\u0161njih poslova, Kia motors, Porsche Beograd , Ald Automotive, Enterprise rent a car.<\/p>\t\t\t\t\t\t<\/div>\n\t\t\t\t<\/div>\n\t\t\t\t<\/div>\n\t\t\t\t\t<\/div>\n\t\t\t\t<\/div>\n\t\t<div class=\"elementor-element elementor-element-e2555d7 e-flex e-con-boxed e-con e-parent\" data-id=\"e2555d7\" data-element_type=\"container\">\n\t\t\t\t\t<div class=\"e-con-inner\">\n\t\t<div class=\"elementor-element elementor-element-a932527 e-con-full e-flex elementor-invisible e-con e-child\" data-id=\"a932527\" data-element_type=\"container\" data-settings=\"{&quot;background_background&quot;:&quot;classic&quot;,&quot;animation&quot;:&quot;fadeIn&quot;}\">\n\t\t\t\t<div class=\"elementor-element elementor-element-2066031 elementor-widget elementor-widget-heading\" data-id=\"2066031\" data-element_type=\"widget\" data-widget_type=\"heading.default\">\n\t\t\t\t<div class=\"elementor-widget-container\">\n\t\t\t<h2 class=\"elementor-heading-title elementor-size-default\">Pla\u0107ate Ta\u010dno Ono \u0160to Smo Dogovorili<\/h2>\t\t<\/div>\n\t\t\t\t<\/div>\n\t\t\t\t<div class=\"elementor-element elementor-element-6a11260 elementor-widget elementor-widget-text-editor\" data-id=\"6a11260\" data-element_type=\"widget\" data-widget_type=\"text-editor.default\">\n\t\t\t\t<div class=\"elementor-widget-container\">\n\t\t\t\t\t\t\t<p>Transparentnost je na\u0161a garancija. Ne\u0107ete imati iznena\u0111enja sa dodatnim tro\u0161kovima \u2013 ono \u0161to se dogovorimo je ono \u0161to \u0107ete platiti. Va\u0161e zadovoljstvo nam je na prvom mestu, zato se trudimo da va\u0161e iskustvo bude bez stresa i neprijatnih iznena\u0111enja.<\/p>\t\t\t\t\t\t<\/div>\n\t\t\t\t<\/div>\n\t\t\t\t<div class=\"elementor-element elementor-element-4e77be0 elementor-widget elementor-widget-button\" data-id=\"4e77be0\" data-element_type=\"widget\" data-widget_type=\"button.default\">\n\t\t\t\t<div class=\"elementor-widget-container\">\n\t\t\t\t\t<div class=\"elementor-button-wrapper\">\n\t\t\t<a class=\"elementor-button elementor-button-link elementor-size-sm\" href=\"https:\/\/wheels4u.rs\/sr\/search-your-car\/\">\n\t\t\t\t\t\t<span class=\"elementor-button-content-wrapper\">\n\t\t\t\t\t\t\t\t\t<span class=\"elementor-button-text\">REZERVI\u0160I ODMAH<\/span>\n\t\t\t\t\t<\/span>\n\t\t\t\t\t<\/a>\n\t\t<\/div>\n\t\t\t\t<\/div>\n\t\t\t\t<\/div>\n\t\t\t\t<\/div>\n\t\t\t\t\t<\/div>\n\t\t\t\t<\/div>\n\t\t\t\t<\/div>","protected":false},"excerpt":{"rendered":"<p>Rent a Car for Every Occasion! Quality, Comfort, and Reliability BOOK NOW Our Recommendation At Wheels4U, we are proud of our diverse fleet of vehicles. No matter your needs, we have something for everyone. We have highlighted a few recommended vehicles that are favorites among our clients, but don\u2019t miss out on exploring our full [&hellip;]<\/p>","protected":false},"author":1,"featured_media":0,"parent":0,"menu_order":0,"comment_status":"closed","ping_status":"closed","template":"elementor_header_footer","meta":{"footnotes":""},"class_list":["post-8","page","type-page","status-publish","hentry"],"yoast_head":"<!-- This site is optimized with the Yoast SEO plugin v24.3 - https:\/\/yoast.com\/wordpress\/plugins\/seo\/ -->\n<title>Rent a Car &amp; Transfers in Belgrade | Wheels 4 U \u2013 Airport &amp; Novi Beograd<\/title>\n<meta name=\"description\" content=\"Car rental in Belgrade made easy! Wheels 4 U offers affordable, high-quality vehicles at Belgrade Airport &amp; Novi Beograd. No hidden fees \u2013 reserve now!\" \/>\n<meta name=\"robots\" content=\"index, follow, max-snippet:-1, max-image-preview:large, max-video-preview:-1\" \/>\n<link rel=\"canonical\" href=\"https:\/\/wheels4u.rs\/sr\/\" \/>\n<meta property=\"og:locale\" content=\"sr_RS\" \/>\n<meta property=\"og:type\" content=\"article\" \/>\n<meta property=\"og:title\" content=\"Rent a Car &amp; Transfers in Belgrade | Wheels 4 U \u2013 Airport &amp; Novi Beograd\" \/>\n<meta property=\"og:description\" content=\"Car rental in Belgrade made easy! Wheels 4 U offers affordable, high-quality vehicles at Belgrade Airport &amp; Novi Beograd. No hidden fees \u2013 reserve now!\" \/>\n<meta property=\"og:url\" content=\"https:\/\/wheels4u.rs\/sr\/\" \/>\n<meta property=\"og:site_name\" content=\"Wheels 4 U\" \/>\n<meta property=\"article:modified_time\" content=\"2025-02-04T10:55:40+00:00\" \/>\n<meta property=\"og:image\" content=\"https:\/\/wheels4u.rs\/wp-content\/uploads\/2024\/10\/Untitled-design-4-2.jpg\" \/>\n<meta name=\"twitter:card\" content=\"summary_large_image\" \/>\n<meta name=\"twitter:label1\" content=\"\u041f\u0440\u043e\u0446\u0435\u045a\u0435\u043d\u043e \u0432\u0440\u0435\u043c\u0435 \u0447\u0438\u0442\u0430\u045a\u0430\" \/>\n\t<meta name=\"twitter:data1\" content=\"3 \u043c\u0438\u043d\u0443\u0442\u0430\" \/>\n<script type=\"application\/ld+json\" class=\"yoast-schema-graph\">{\"@context\":\"https:\/\/schema.org\",\"@graph\":[{\"@type\":\"WebPage\",\"@id\":\"https:\/\/wheels4u.rs\/\",\"url\":\"https:\/\/wheels4u.rs\/\",\"name\":\"Rent a Car & Transfers in Belgrade | Wheels 4 U \u2013 Airport & Novi Beograd\",\"isPartOf\":{\"@id\":\"https:\/\/wheels4u.rs\/#website\"},\"primaryImageOfPage\":{\"@id\":\"https:\/\/wheels4u.rs\/#primaryimage\"},\"image\":{\"@id\":\"https:\/\/wheels4u.rs\/#primaryimage\"},\"thumbnailUrl\":\"https:\/\/wheels4u.rs\/wp-content\/uploads\/2024\/10\/Untitled-design-4-2.jpg\",\"datePublished\":\"2024-10-25T08:57:36+00:00\",\"dateModified\":\"2025-02-04T10:55:40+00:00\",\"description\":\"Car rental in Belgrade made easy! Wheels 4 U offers affordable, high-quality vehicles at Belgrade Airport & Novi Beograd. No hidden fees \u2013 reserve now!\",\"breadcrumb\":{\"@id\":\"https:\/\/wheels4u.rs\/#breadcrumb\"},\"inLanguage\":\"sr-RS\",\"potentialAction\":[{\"@type\":\"ReadAction\",\"target\":[\"https:\/\/wheels4u.rs\/\"]}]},{\"@type\":\"ImageObject\",\"inLanguage\":\"sr-RS\",\"@id\":\"https:\/\/wheels4u.rs\/#primaryimage\",\"url\":\"https:\/\/wheels4u.rs\/wp-content\/uploads\/2024\/10\/Untitled-design-4-2.jpg\",\"contentUrl\":\"https:\/\/wheels4u.rs\/wp-content\/uploads\/2024\/10\/Untitled-design-4-2.jpg\"},{\"@type\":\"BreadcrumbList\",\"@id\":\"https:\/\/wheels4u.rs\/#breadcrumb\",\"itemListElement\":[{\"@type\":\"ListItem\",\"position\":1,\"name\":\"Home\",\"item\":\"https:\/\/wheels4u.rs\/\"},{\"@type\":\"ListItem\",\"position\":2,\"name\":\"Home\"}]},{\"@type\":\"WebSite\",\"@id\":\"https:\/\/wheels4u.rs\/#website\",\"url\":\"https:\/\/wheels4u.rs\/\",\"name\":\"Wheels 4 U\",\"description\":\"\",\"publisher\":{\"@id\":\"https:\/\/wheels4u.rs\/#organization\"},\"potentialAction\":[{\"@type\":\"SearchAction\",\"target\":{\"@type\":\"EntryPoint\",\"urlTemplate\":\"https:\/\/wheels4u.rs\/?s={search_term_string}\"},\"query-input\":{\"@type\":\"PropertyValueSpecification\",\"valueRequired\":true,\"valueName\":\"search_term_string\"}}],\"inLanguage\":\"sr-RS\"},{\"@type\":\"Organization\",\"@id\":\"https:\/\/wheels4u.rs\/#organization\",\"name\":\"Wheels 4 U\",\"url\":\"https:\/\/wheels4u.rs\/\",\"logo\":{\"@type\":\"ImageObject\",\"inLanguage\":\"sr-RS\",\"@id\":\"https:\/\/wheels4u.rs\/#\/schema\/logo\/image\/\",\"url\":\"https:\/\/wheels4u.rs\/wp-content\/uploads\/2024\/10\/Logo-Black-1.svg\",\"contentUrl\":\"https:\/\/wheels4u.rs\/wp-content\/uploads\/2024\/10\/Logo-Black-1.svg\",\"width\":651,\"height\":171,\"caption\":\"Wheels 4 U\"},\"image\":{\"@id\":\"https:\/\/wheels4u.rs\/#\/schema\/logo\/image\/\"}}]}<\/script>\n<!-- \/ Yoast SEO plugin. -->","yoast_head_json":{"title":"Rent a Car & Transfers in Belgrade | Wheels 4 U \u2013 Airport & Novi Beograd","description":"Car rental in Belgrade made easy! Wheels 4 U offers affordable, high-quality vehicles at Belgrade Airport & Novi Beograd. No hidden fees \u2013 reserve now!","robots":{"index":"index","follow":"follow","max-snippet":"max-snippet:-1","max-image-preview":"max-image-preview:large","max-video-preview":"max-video-preview:-1"},"canonical":"https:\/\/wheels4u.rs\/sr\/","og_locale":"sr_RS","og_type":"article","og_title":"Rent a Car & Transfers in Belgrade | Wheels 4 U \u2013 Airport & Novi Beograd","og_description":"Car rental in Belgrade made easy! Wheels 4 U offers affordable, high-quality vehicles at Belgrade Airport & Novi Beograd. No hidden fees \u2013 reserve now!","og_url":"https:\/\/wheels4u.rs\/sr\/","og_site_name":"Wheels 4 U","article_modified_time":"2025-02-04T10:55:40+00:00","og_image":[{"url":"https:\/\/wheels4u.rs\/wp-content\/uploads\/2024\/10\/Untitled-design-4-2.jpg","type":"","width":"","height":""}],"twitter_card":"summary_large_image","twitter_misc":{"\u041f\u0440\u043e\u0446\u0435\u045a\u0435\u043d\u043e \u0432\u0440\u0435\u043c\u0435 \u0447\u0438\u0442\u0430\u045a\u0430":"3 \u043c\u0438\u043d\u0443\u0442\u0430"},"schema":{"@context":"https:\/\/schema.org","@graph":[{"@type":"WebPage","@id":"https:\/\/wheels4u.rs\/","url":"https:\/\/wheels4u.rs\/","name":"Rent a Car & Transfers in Belgrade | Wheels 4 U \u2013 Airport & Novi Beograd","isPartOf":{"@id":"https:\/\/wheels4u.rs\/#website"},"primaryImageOfPage":{"@id":"https:\/\/wheels4u.rs\/#primaryimage"},"image":{"@id":"https:\/\/wheels4u.rs\/#primaryimage"},"thumbnailUrl":"https:\/\/wheels4u.rs\/wp-content\/uploads\/2024\/10\/Untitled-design-4-2.jpg","datePublished":"2024-10-25T08:57:36+00:00","dateModified":"2025-02-04T10:55:40+00:00","description":"Car rental in Belgrade made easy! Wheels 4 U offers affordable, high-quality vehicles at Belgrade Airport & Novi Beograd. No hidden fees \u2013 reserve now!","breadcrumb":{"@id":"https:\/\/wheels4u.rs\/#breadcrumb"},"inLanguage":"sr-RS","potentialAction":[{"@type":"ReadAction","target":["https:\/\/wheels4u.rs\/"]}]},{"@type":"ImageObject","inLanguage":"sr-RS","@id":"https:\/\/wheels4u.rs\/#primaryimage","url":"https:\/\/wheels4u.rs\/wp-content\/uploads\/2024\/10\/Untitled-design-4-2.jpg","contentUrl":"https:\/\/wheels4u.rs\/wp-content\/uploads\/2024\/10\/Untitled-design-4-2.jpg"},{"@type":"BreadcrumbList","@id":"https:\/\/wheels4u.rs\/#breadcrumb","itemListElement":[{"@type":"ListItem","position":1,"name":"Home","item":"https:\/\/wheels4u.rs\/"},{"@type":"ListItem","position":2,"name":"Home"}]},{"@type":"WebSite","@id":"https:\/\/wheels4u.rs\/#website","url":"https:\/\/wheels4u.rs\/","name":"Wheels 4 U","description":"","publisher":{"@id":"https:\/\/wheels4u.rs\/#organization"},"potentialAction":[{"@type":"SearchAction","target":{"@type":"EntryPoint","urlTemplate":"https:\/\/wheels4u.rs\/?s={search_term_string}"},"query-input":{"@type":"PropertyValueSpecification","valueRequired":true,"valueName":"search_term_string"}}],"inLanguage":"sr-RS"},{"@type":"Organization","@id":"https:\/\/wheels4u.rs\/#organization","name":"Wheels 4 U","url":"https:\/\/wheels4u.rs\/","logo":{"@type":"ImageObject","inLanguage":"sr-RS","@id":"https:\/\/wheels4u.rs\/#\/schema\/logo\/image\/","url":"https:\/\/wheels4u.rs\/wp-content\/uploads\/2024\/10\/Logo-Black-1.svg","contentUrl":"https:\/\/wheels4u.rs\/wp-content\/uploads\/2024\/10\/Logo-Black-1.svg","width":651,"height":171,"caption":"Wheels 4 U"},"image":{"@id":"https:\/\/wheels4u.rs\/#\/schema\/logo\/image\/"}}]}},"_links":{"self":[{"href":"https:\/\/wheels4u.rs\/sr\/wp-json\/wp\/v2\/pages\/8","targetHints":{"allow":["GET"]}}],"collection":[{"href":"https:\/\/wheels4u.rs\/sr\/wp-json\/wp\/v2\/pages"}],"about":[{"href":"https:\/\/wheels4u.rs\/sr\/wp-json\/wp\/v2\/types\/page"}],"author":[{"embeddable":true,"href":"https:\/\/wheels4u.rs\/sr\/wp-json\/wp\/v2\/users\/1"}],"replies":[{"embeddable":true,"href":"https:\/\/wheels4u.rs\/sr\/wp-json\/wp\/v2\/comments?post=8"}],"version-history":[{"count":34,"href":"https:\/\/wheels4u.rs\/sr\/wp-json\/wp\/v2\/pages\/8\/revisions"}],"predecessor-version":[{"id":125,"href":"https:\/\/wheels4u.rs\/sr\/wp-json\/wp\/v2\/pages\/8\/revisions\/125"}],"wp:attachment":[{"href":"https:\/\/wheels4u.rs\/sr\/wp-json\/wp\/v2\/media?parent=8"}],"curies":[{"name":"wp","href":"https:\/\/api.w.org\/{rel}","templated":true}]}}